{"id":5,"date":"2024-02-15T07:16:14","date_gmt":"2024-02-15T07:16:14","guid":{"rendered":"http:\/\/stvoritegenijalca.com\/index.php\/home\/"},"modified":"2024-02-15T07:30:10","modified_gmt":"2024-02-15T07:30:10","slug":"home","status":"publish","type":"page","link":"https:\/\/stvoritegenijalca.com\/","title":{"rendered":"Home"},"content":{"rendered":"<section class=\"hts-section hts-hero\">\n    <div class=\"hts-hero-spacer\"><\/div>\n    <div class=\"hts-hero-content\">\n        <div class=\"hts-hero-image\">\n            <img decoding=\"async\" src=\"https:\/\/stvoritegenijalca.com\/wp-content\/uploads\/2024\/02\/0180201_lilliputiens-aktivnostna-kocka-farm_450.jpeg\" alt=\"background\" \/>\n        <\/div>\n        <div class=\"hts-hero-block\">\n            <div class=\"hts-hero-body\">\n                <div class=\"hts-hero-details\">\n                    <div>\n                        <h1>Strvoriti genijalca &#8211; blog<\/h1>\n                        <p>Najkorisniji savjeti za stvaranje malog genijalca!<\/p>\n                        <a href=\"https:\/\/stvoritegenijalca.com\/\" class=\"btn primary\" ><\/a>\n                    <\/div>\n                    <div class=\"hts-hero-body-image\">\n                        <img decoding=\"async\" src=\"https:\/\/stvoritegenijalca.com\/wp-content\/uploads\/2024\/02\/0180201_lilliputiens-aktivnostna-kocka-farm_450.jpeg\" alt=\"background\" \/>\n                    <\/div>\n                    <div class=\"hts-hero-footer\">\n                        <div class=\"hts-social\">\n                                                                                                                                        <\/div>\n                        <p class=\"hts-title\"><em>Svako je genije. Ali, ako sudite o ribi po njenoj sposobnosti da se popne na drvo, \u017eive\u0107e ceo svoj \u017eivot veruju\u0107i da je glupa.<\/em><\/p>\n                    <\/div>\n                <\/div>\n            <\/div>\n        <\/div>\n    <\/div>\n<\/section>\n\n<section class=\"hts-section hts-no-border hts-posts hts-featured-post-wrapper\">\n    <div>\n                <div class=\"hts-posts-header\">\n            <h2 class=\"hts-title\">Nedavne objave<\/h2>\n        <\/div>\n                <div class=\"hts-featured-post\">\n            <!-- Post -->\n            <div class=\"hts-post\">\n                <div class=\"hts-image-wrapper\">\n                                        <a href=\"https:\/\/stvoritegenijalca.com\/index.php\/2024\/02\/15\/sta-je-mensa\/\" class=\"hts-featured-post-link\">\n                        <img decoding=\"async\" src=\"https:\/\/stvoritegenijalca.com\/wp-content\/uploads\/2024\/02\/Why-you-shouldnt-give-your-kid-praise-for-being-smart.webp\" alt=\"featured\">\n                    <\/a>\n                                                        <\/div>\n                <div class=\"hts-post-details\">\n                    <div class=\"hts-posts-body-header\">\n                        <h2 class=\"hts-title\">Nedavne objave<\/h2>\n                    <\/div>\n                    <div class=\"hts-capsules\">\n                                                                                                                        <a href=\"https:\/\/stvoritegenijalca.com\/index.php\/category\/blog\/\">\n                            <div>Blog<\/div>\n                        <\/a>\n                                                                                            <\/div>\n                                        <a href=\"https:\/\/stvoritegenijalca.com\/index.php\/2024\/02\/15\/sta-je-mensa\/\">\n                        <h3 class=\"hts-title\">\u0160ta je Mensa?<\/h3>\n                    <\/a>\n                                                            <p class=\"small\">February 15, 2024 | by stvoritegenijalca.com<\/p>\n                                    <\/div>\n            <\/div>\n        <\/div>\n    <\/div>\n<\/section>\n\n<section class=\"hts-section hts-posts\">\n    <hr class=\"full\">\n    <div>\n        <div class=\"hts-posts-header\">\n            <h2 class=\"hts-title\">Ostale objave<\/h2>\n            <a href=\"https:\/\/stvoritegenijalca.com\/index.php\/blog\/\" class=\"hts-posts-action\">\n                <p>View all<\/p>\n                <img decoding=\"async\" src=\"https:\/\/stvoritegenijalca.com\/wp-content\/themes\/hostinger-blog\/build\/images\/icon-arrow-right.svg\" alt=\"view all\">\n            <\/a>\n        <\/div>\n        <div class=\"hts-posts-list\">\n                        <div class=\"hts-post hts-large\">\n                                <div class=\"hts-image-wrapper\">\n                                        <a href=\"https:\/\/stvoritegenijalca.com\/index.php\/2024\/02\/15\/priroda-je-djetetu-potrebna\/\" class=\"hts-featured-post-link\">\n                        <img decoding=\"async\" src=\"https:\/\/stvoritegenijalca.com\/wp-content\/uploads\/2024\/02\/djeca-u-prirodi.jpg\" alt=\"featured\">\n                    <\/a>\n                                                        <\/div>\n                <div class=\"hts-post-details\">\n                    <div class=\"hts-capsules\">\n                                                                                                                        <a href=\"https:\/\/stvoritegenijalca.com\/index.php\/category\/blog\/\">\n                            <div>Blog<\/div>\n                        <\/a>\n                                                                                            <\/div>\n                    <a href=\"https:\/\/stvoritegenijalca.com\/index.php\/2024\/02\/15\/priroda-je-djetetu-potrebna\/\">\n                        <h3 class=\"hts-title\">Priroda je djetetu potrebna<\/h3>\n                    <\/a>\n                                        <p class=\"small\">February 15, 2024 | by stvoritegenijalca.com<\/p>\n                                    <\/div>\n            <\/div>\n                        <div class=\"hts-post \">\n                                <div class=\"hts-image-wrapper\">\n                                        <a href=\"https:\/\/stvoritegenijalca.com\/index.php\/2024\/02\/15\/sta-je-mensa\/\" class=\"hts-featured-post-link\">\n                        <img decoding=\"async\" src=\"https:\/\/stvoritegenijalca.com\/wp-content\/uploads\/2024\/02\/Why-you-shouldnt-give-your-kid-praise-for-being-smart.webp\" alt=\"featured\">\n                    <\/a>\n                                                        <\/div>\n                <div class=\"hts-post-details\">\n                    <div class=\"hts-capsules\">\n                                                                                                                        <a href=\"https:\/\/stvoritegenijalca.com\/index.php\/category\/blog\/\">\n                            <div>Blog<\/div>\n                        <\/a>\n                                                                                            <\/div>\n                    <a href=\"https:\/\/stvoritegenijalca.com\/index.php\/2024\/02\/15\/sta-je-mensa\/\">\n                        <h3 class=\"hts-title\">\u0160ta je Mensa?<\/h3>\n                    <\/a>\n                                        <p class=\"small\">February 15, 2024 | by stvoritegenijalca.com<\/p>\n                                    <\/div>\n            <\/div>\n                        <div class=\"hts-post \">\n                                <div class=\"hts-image-wrapper\">\n                                        <a href=\"https:\/\/stvoritegenijalca.com\/index.php\/2024\/02\/15\/mozgalice-prije-mensa-testiranja\/\" class=\"hts-featured-post-link\">\n                        <img decoding=\"async\" src=\"https:\/\/stvoritegenijalca.com\/wp-content\/uploads\/2024\/02\/mensa.webp\" alt=\"featured\">\n                    <\/a>\n                                                        <\/div>\n                <div class=\"hts-post-details\">\n                    <div class=\"hts-capsules\">\n                                                                                                                        <a href=\"https:\/\/stvoritegenijalca.com\/index.php\/category\/blog\/\">\n                            <div>Blog<\/div>\n                        <\/a>\n                                                                                            <\/div>\n                    <a href=\"https:\/\/stvoritegenijalca.com\/index.php\/2024\/02\/15\/mozgalice-prije-mensa-testiranja\/\">\n                        <h3 class=\"hts-title\">Mozgalice prije Mensa\u00a0testiranja<\/h3>\n                    <\/a>\n                                        <p class=\"small\">February 15, 2024 | by stvoritegenijalca.com<\/p>\n                                    <\/div>\n            <\/div>\n                        <div class=\"hts-post \">\n                                <div class=\"hts-image-wrapper\">\n                                        <a href=\"https:\/\/stvoritegenijalca.com\/index.php\/2024\/02\/15\/gojaznost-utice-na-intelektualne-sposobnosti-djece\/\" class=\"hts-featured-post-link\">\n                        <img decoding=\"async\" src=\"https:\/\/stvoritegenijalca.com\/wp-content\/uploads\/2024\/02\/gojaznost.webp\" alt=\"featured\">\n                    <\/a>\n                                                        <\/div>\n                <div class=\"hts-post-details\">\n                    <div class=\"hts-capsules\">\n                                                                                                                        <a href=\"https:\/\/stvoritegenijalca.com\/index.php\/category\/blog\/\">\n                            <div>Blog<\/div>\n                        <\/a>\n                                                                                            <\/div>\n                    <a href=\"https:\/\/stvoritegenijalca.com\/index.php\/2024\/02\/15\/gojaznost-utice-na-intelektualne-sposobnosti-djece\/\">\n                        <h3 class=\"hts-title\">Gojaznost uti\u010de na intelektualne sposobnosti\u00a0djece<\/h3>\n                    <\/a>\n                                        <p class=\"small\">February 15, 2024 | by stvoritegenijalca.com<\/p>\n                                    <\/div>\n            <\/div>\n                        <div class=\"hts-post \">\n                                <div class=\"hts-image-wrapper\">\n                                        <a href=\"https:\/\/stvoritegenijalca.com\/index.php\/2024\/02\/15\/da-li-je-genijalnost-urodena-ili-se-moze-nauciti\/\" class=\"hts-featured-post-link\">\n                        <img decoding=\"async\" src=\"https:\/\/stvoritegenijalca.com\/wp-content\/uploads\/2024\/02\/genije1.webp\" alt=\"featured\">\n                    <\/a>\n                                                        <\/div>\n                <div class=\"hts-post-details\">\n                    <div class=\"hts-capsules\">\n                                                                                                                        <a href=\"https:\/\/stvoritegenijalca.com\/index.php\/category\/blog\/\">\n                            <div>Blog<\/div>\n                        <\/a>\n                                                                                            <\/div>\n                    <a href=\"https:\/\/stvoritegenijalca.com\/index.php\/2024\/02\/15\/da-li-je-genijalnost-urodena-ili-se-moze-nauciti\/\">\n                        <h3 class=\"hts-title\">Da li je genijalnost uro\u0111ena ili se mo\u017ee\u00a0nau\u010diti?<\/h3>\n                    <\/a>\n                                        <p class=\"small\">February 15, 2024 | by stvoritegenijalca.com<\/p>\n                                    <\/div>\n            <\/div>\n                        <div class=\"hts-post hts-large\">\n                                <div class=\"hts-image-wrapper\">\n                                        <a href=\"https:\/\/stvoritegenijalca.com\/index.php\/2024\/02\/15\/5-koraka-za-razvijanje-emocionalne-inteligencije-kod-djece\/\" class=\"hts-featured-post-link\">\n                        <img decoding=\"async\" src=\"https:\/\/stvoritegenijalca.com\/wp-content\/uploads\/2024\/02\/emocionalna-inteligencija-1.jpg\" alt=\"featured\">\n                    <\/a>\n                                                        <\/div>\n                <div class=\"hts-post-details\">\n                    <div class=\"hts-capsules\">\n                                                                                                                        <a href=\"https:\/\/stvoritegenijalca.com\/index.php\/category\/blog\/\">\n                            <div>Blog<\/div>\n                        <\/a>\n                                                                                            <\/div>\n                    <a href=\"https:\/\/stvoritegenijalca.com\/index.php\/2024\/02\/15\/5-koraka-za-razvijanje-emocionalne-inteligencije-kod-djece\/\">\n                        <h3 class=\"hts-title\">5 koraka za razvijanje emocionalne inteligencije kod djece<\/h3>\n                    <\/a>\n                                        <p class=\"small\">February 15, 2024 | by stvoritegenijalca.com<\/p>\n                                    <\/div>\n            <\/div>\n                    <\/div>\n    <\/div>\n<\/section>\n\n<section class=\"hts-section hts-newsletter\">\n\t<hr class=\"full\">\n\t<div class=\"wrapper\">\n\t<div>\n\t\t<h3 class=\"hts-title\">Newsletter<\/h3>\n\t\t<p>Prijavi se na na\u0161 newsletter!<\/p>\n\t<\/div>\n\t<div class=\"hts-newsletter-block\">\n\t\t<form>\n\t\t\t<input type=\"hidden\" id=\"newsletter_nonce\" name=\"newsletter_nonce\" value=\"3ff3c6299a\" \/><input type=\"hidden\" name=\"_wp_http_referer\" value=\"\/index.php\/wp-json\/wp\/v2\/pages\/5\" \/>\t\t\t<label for=\"hts-newsletter-email\">Email<\/label>\n\t\t\t<input type=\"email\"\n\t\t\t       id=\"hts-newsletter-email\"\n\t\t\t       name=\"newsletter_email\"\n\t\t\t       placeholder=\"What\u2019s your email?\">\n\t\t\t<div class=\"validate-message\"><\/div>\n\t\t\t<div class=\"hts-privacy-agree\">\n\t\t\t\t<label class=\"hts-form-control\">\n\t\t\t\t<input type=\"checkbox\" id=\"privacy-policy-checkbox\" name=\"privacy_policy\" required>\n\t\t\t\t<\/label>\n\t\t\t\t<span>\n\t\t\t\t\tI consent to use of my email address for the purpose of receiving newsletters as described in <a href=\"\" target=\"_blank\">Privacy Policy<\/a>, which I have read. I may withdraw my consent at any time.\t\t\t\t<\/span>\n\t\t\t<\/div>\n\t\t\t<input type=\"submit\" class=\"btn primary\" value=\"Subscribe\"\/>\n\t\t<\/form>\n\t<\/div>\n\t<\/div>\n<\/section>","protected":false},"excerpt":{"rendered":"","protected":false},"author":1,"featured_media":0,"parent":0,"menu_order":0,"comment_status":"closed","ping_status":"closed","template":"","meta":{"om_disable_all_campaigns":false,"_monsterinsights_skip_tracking":false,"_monsterinsights_sitenote_active":false,"_monsterinsights_sitenote_note":"","_monsterinsights_sitenote_category":0,"footnotes":""},"aioseo_notices":[],"_links":{"self":[{"href":"https:\/\/stvoritegenijalca.com\/index.php\/wp-json\/wp\/v2\/pages\/5"}],"collection":[{"href":"https:\/\/stvoritegenijalca.com\/index.php\/wp-json\/wp\/v2\/pages"}],"about":[{"href":"https:\/\/stvoritegenijalca.com\/index.php\/wp-json\/wp\/v2\/types\/page"}],"author":[{"embeddable":true,"href":"https:\/\/stvoritegenijalca.com\/index.php\/wp-json\/wp\/v2\/users\/1"}],"replies":[{"embeddable":true,"href":"https:\/\/stvoritegenijalca.com\/index.php\/wp-json\/wp\/v2\/comments?post=5"}],"version-history":[{"count":3,"href":"https:\/\/stvoritegenijalca.com\/index.php\/wp-json\/wp\/v2\/pages\/5\/revisions"}],"predecessor-version":[{"id":46,"href":"https:\/\/stvoritegenijalca.com\/index.php\/wp-json\/wp\/v2\/pages\/5\/revisions\/46"}],"wp:attachment":[{"href":"https:\/\/stvoritegenijalca.com\/index.php\/wp-json\/wp\/v2\/media?parent=5"}],"curies":[{"name":"wp","href":"https:\/\/api.w.org\/{rel}","templated":true}]}}